{"id":49,"date":"2009-06-30T22:52:31","date_gmt":"2009-06-30T19:52:31","guid":{"rendered":"http:\/\/genky.planet.ee\/wordpress\/?page_id=49"},"modified":"2022-05-22T23:04:47","modified_gmt":"2022-05-22T20:04:47","slug":"ettekanded","status":"publish","type":"page","link":"https:\/\/asashio.baka.ee\/?page_id=49","title":{"rendered":"Ettekanded"},"content":{"rendered":"<p>Alates 2007 aasta detsembrist hakkame iga kuu peale koosolekut pidama ettekandeid. Ettekanded on erinevatel teemadel, mis otseselt v\u00f5i kaudselt on seotud anime, manga ning Jaapaniga. Kui anime.ee valmis saab, siis l\u00e4hevad k\u00f5ik ettekanded sinna \u00fcles.<\/p>\n<p>Allpool on n\u00e4ha ettekannete teemad ning ettekandjate nimed. Kui aeg l\u00e4hemale j\u00f5uab, t\u00e4psustame ka ettekannete pealkirja. Koosolekutele ettekandeid kuulama on oodatud k\u00f5ik asjast huvitatud inimesed.<\/p>\n<p><strong><span style=\"text-decoration: underline;\">Koosolekutel esitatavad ettekanded:<\/span><\/strong><\/p>\n<p>-<\/p>\n<p><strong><span style=\"text-decoration: underline;\">Olnud ettekanded:<\/span><\/strong><\/p>\n<p>- detsember 2007: Shintoistlikud kombed - Kaia<br \/>\n- jaanuar 2008: Jaapani arhitektuur \/ Vanim puittempel maailmas - Olev<br \/>\n- veebruar 2008: Eroge - Joosep \/ Hardo Gay - Urmet<br \/>\n- m\u00e4rts 2008: Sake - Indrek | Jaapani toit - Fred<br \/>\n- mai 2008: Jaapani riietus - Riine<br \/>\n- detsember 2008: Jaapani s\u00f5jad - Valdars | Nanjing - Kaia<br \/>\n- jaanuar 2009: Jaapani autod \/ driftimine - Mati<br \/>\n- oktoober 2009: Jaapani arvutim\u00e4ngud - Alo P.<br \/>\n- detsember 2009: Jaapani koletised - Stepan<br \/>\n- jaanuar 2010: Gei\u0161ad - Merit<br \/>\n- veebruar 2010: yakuza - Raiko<br \/>\n- m\u00e4rts 2010: tehnika - Toomas<br \/>\n- detsember 2013: Visual Novel - Morten<br \/>\n- m\u00e4rts 2015: London Anime &amp; Gaming Con - Karen<\/p>\n","protected":false},"excerpt":{"rendered":"<p>Alates 2007 aasta detsembrist hakkame iga kuu peale koosolekut pidama ettekandeid. Ettekanded on erinevatel teemadel, mis otseselt v\u00f5i kaudselt on seotud anime, manga ning Jaapaniga. Kui anime.ee valmis saab, siis l\u00e4hevad k\u00f5ik ettekanded sinna \u00fcles. Allpool on n\u00e4ha ettekannete teemad ning ettekandjate nimed. Kui aeg l\u00e4hemale j\u00f5uab, t\u00e4psustame ka ettekannete pealkirja. Koosolekutele ettekandeid kuulama on [&hellip;]<\/p>\n","protected":false},"author":1,"featured_media":0,"parent":0,"menu_order":6,"comment_status":"closed","ping_status":"closed","template":"page-templates\/full-width.php","meta":[],"yoast_head":"<!-- This site is optimized with the Yoast SEO plugin v19.0 - https:\/\/yoast.com\/wordpress\/plugins\/seo\/ -->\n<title>Ettekanded - Kultuuriklubi Asashio<\/title>\n<meta name=\"robots\" content=\"index, follow, max-snippet:-1, max-image-preview:large, max-video-preview:-1\" \/>\n<link rel=\"canonical\" href=\"https:\/\/asashio.baka.ee\/?page_id=49\" \/>\n<meta property=\"og:locale\" content=\"en_US\" \/>\n<meta property=\"og:type\" content=\"article\" \/>\n<meta property=\"og:title\" content=\"Ettekanded - Kultuuriklubi Asashio\" \/>\n<meta property=\"og:description\" content=\"Alates 2007 aasta detsembrist hakkame iga kuu peale koosolekut pidama ettekandeid. Ettekanded on erinevatel teemadel, mis otseselt v\u00f5i kaudselt on seotud anime, manga ning Jaapaniga. Kui anime.ee valmis saab, siis l\u00e4hevad k\u00f5ik ettekanded sinna \u00fcles. Allpool on n\u00e4ha ettekannete teemad ning ettekandjate nimed. Kui aeg l\u00e4hemale j\u00f5uab, t\u00e4psustame ka ettekannete pealkirja. Koosolekutele ettekandeid kuulama on [&hellip;]\" \/>\n<meta property=\"og:url\" content=\"https:\/\/asashio.baka.ee\/?page_id=49\" \/>\n<meta property=\"og:site_name\" content=\"Kultuuriklubi Asashio\" \/>\n<meta property=\"article:publisher\" content=\"https:\/\/www.facebook.com\/jaapanikultuuriklubiasashio\" \/>\n<meta property=\"article:modified_time\" content=\"2022-05-22T20:04:47+00:00\" \/>\n<meta name=\"twitter:card\" content=\"summary_large_image\" \/>\n<meta name=\"twitter:site\" content=\"@tartu_asashio\" \/>\n<meta name=\"twitter:label1\" content=\"Est. reading time\" \/>\n\t<meta name=\"twitter:data1\" content=\"1 minute\" \/>\n<script type=\"application\/ld+json\" class=\"yoast-schema-graph\">{\"@context\":\"https:\/\/schema.org\",\"@graph\":[{\"@type\":\"WebSite\",\"@id\":\"https:\/\/asashio.baka.ee\/#website\",\"url\":\"https:\/\/asashio.baka.ee\/\",\"name\":\"Kultuuriklubi Asashio\",\"description\":\"\",\"potentialAction\":[{\"@type\":\"SearchAction\",\"target\":{\"@type\":\"EntryPoint\",\"urlTemplate\":\"https:\/\/asashio.baka.ee\/?s={search_term_string}\"},\"query-input\":\"required name=search_term_string\"}],\"inLanguage\":\"en-US\"},{\"@type\":\"WebPage\",\"@id\":\"https:\/\/asashio.baka.ee\/?page_id=49#webpage\",\"url\":\"https:\/\/asashio.baka.ee\/?page_id=49\",\"name\":\"Ettekanded - Kultuuriklubi Asashio\",\"isPartOf\":{\"@id\":\"https:\/\/asashio.baka.ee\/#website\"},\"datePublished\":\"2009-06-30T19:52:31+00:00\",\"dateModified\":\"2022-05-22T20:04:47+00:00\",\"breadcrumb\":{\"@id\":\"https:\/\/asashio.baka.ee\/?page_id=49#breadcrumb\"},\"inLanguage\":\"en-US\",\"potentialAction\":[{\"@type\":\"ReadAction\",\"target\":[\"https:\/\/asashio.baka.ee\/?page_id=49\"]}]},{\"@type\":\"BreadcrumbList\",\"@id\":\"https:\/\/asashio.baka.ee\/?page_id=49#breadcrumb\",\"itemListElement\":[{\"@type\":\"ListItem\",\"position\":1,\"name\":\"Home\",\"item\":\"https:\/\/asashio.baka.ee\/\"},{\"@type\":\"ListItem\",\"position\":2,\"name\":\"Ettekanded\"}]}]}<\/script>\n<!-- \/ Yoast SEO plugin. -->","yoast_head_json":{"title":"Ettekanded - Kultuuriklubi Asashio","robots":{"index":"index","follow":"follow","max-snippet":"max-snippet:-1","max-image-preview":"max-image-preview:large","max-video-preview":"max-video-preview:-1"},"canonical":"https:\/\/asashio.baka.ee\/?page_id=49","og_locale":"en_US","og_type":"article","og_title":"Ettekanded - Kultuuriklubi Asashio","og_description":"Alates 2007 aasta detsembrist hakkame iga kuu peale koosolekut pidama ettekandeid. Ettekanded on erinevatel teemadel, mis otseselt v\u00f5i kaudselt on seotud anime, manga ning Jaapaniga. Kui anime.ee valmis saab, siis l\u00e4hevad k\u00f5ik ettekanded sinna \u00fcles. Allpool on n\u00e4ha ettekannete teemad ning ettekandjate nimed. Kui aeg l\u00e4hemale j\u00f5uab, t\u00e4psustame ka ettekannete pealkirja. Koosolekutele ettekandeid kuulama on [&hellip;]","og_url":"https:\/\/asashio.baka.ee\/?page_id=49","og_site_name":"Kultuuriklubi Asashio","article_publisher":"https:\/\/www.facebook.com\/jaapanikultuuriklubiasashio","article_modified_time":"2022-05-22T20:04:47+00:00","twitter_card":"summary_large_image","twitter_site":"@tartu_asashio","twitter_misc":{"Est. reading time":"1 minute"},"schema":{"@context":"https:\/\/schema.org","@graph":[{"@type":"WebSite","@id":"https:\/\/asashio.baka.ee\/#website","url":"https:\/\/asashio.baka.ee\/","name":"Kultuuriklubi Asashio","description":"","potentialAction":[{"@type":"SearchAction","target":{"@type":"EntryPoint","urlTemplate":"https:\/\/asashio.baka.ee\/?s={search_term_string}"},"query-input":"required name=search_term_string"}],"inLanguage":"en-US"},{"@type":"WebPage","@id":"https:\/\/asashio.baka.ee\/?page_id=49#webpage","url":"https:\/\/asashio.baka.ee\/?page_id=49","name":"Ettekanded - Kultuuriklubi Asashio","isPartOf":{"@id":"https:\/\/asashio.baka.ee\/#website"},"datePublished":"2009-06-30T19:52:31+00:00","dateModified":"2022-05-22T20:04:47+00:00","breadcrumb":{"@id":"https:\/\/asashio.baka.ee\/?page_id=49#breadcrumb"},"inLanguage":"en-US","potentialAction":[{"@type":"ReadAction","target":["https:\/\/asashio.baka.ee\/?page_id=49"]}]},{"@type":"BreadcrumbList","@id":"https:\/\/asashio.baka.ee\/?page_id=49#breadcrumb","itemListElement":[{"@type":"ListItem","position":1,"name":"Home","item":"https:\/\/asashio.baka.ee\/"},{"@type":"ListItem","position":2,"name":"Ettekanded"}]}]}},"_links":{"self":[{"href":"https:\/\/asashio.baka.ee\/index.php?rest_route=\/wp\/v2\/pages\/49"}],"collection":[{"href":"https:\/\/asashio.baka.ee\/index.php?rest_route=\/wp\/v2\/pages"}],"about":[{"href":"https:\/\/asashio.baka.ee\/index.php?rest_route=\/wp\/v2\/types\/page"}],"author":[{"embeddable":true,"href":"https:\/\/asashio.baka.ee\/index.php?rest_route=\/wp\/v2\/users\/1"}],"replies":[{"embeddable":true,"href":"https:\/\/asashio.baka.ee\/index.php?rest_route=%2Fwp%2Fv2%2Fcomments&post=49"}],"version-history":[{"count":1,"href":"https:\/\/asashio.baka.ee\/index.php?rest_route=\/wp\/v2\/pages\/49\/revisions"}],"predecessor-version":[{"id":1770,"href":"https:\/\/asashio.baka.ee\/index.php?rest_route=\/wp\/v2\/pages\/49\/revisions\/1770"}],"wp:attachment":[{"href":"https:\/\/asashio.baka.ee\/index.php?rest_route=%2Fwp%2Fv2%2Fmedia&parent=49"}],"curies":[{"name":"wp","href":"https:\/\/api.w.org\/{rel}","templated":true}]}}