{"id":57,"date":"2009-06-30T23:16:41","date_gmt":"2009-06-30T20:16:41","guid":{"rendered":"http:\/\/genky.planet.ee\/wordpress\/?page_id=57"},"modified":"2022-05-22T23:13:04","modified_gmt":"2022-05-22T20:13:04","slug":"galerii","status":"publish","type":"page","link":"https:\/\/asashio.baka.ee\/?page_id=57","title":{"rendered":"Galerii"},"content":{"rendered":"<p>Fotod Asashio korraldatud ja k\u00fclastatud \u00fcritustest:<\/p>\n<p><a href=\"http:\/\/www.asashio.ee\/?page_id=901\">2006-2007<\/a><\/p>\n<p><a href=\"https:\/\/www.asashio.ee\/?page_id=953\">2008-2009<\/a><\/p>\n<p><a href=\"https:\/\/www.asashio.ee\/?page_id=961\">2010-2011<\/a><\/p>\n<p><a href=\"https:\/\/www.asashio.ee\/?page_id=968\">2012-2014<\/a><\/p>\n<p><a href=\"https:\/\/www.asashio.ee\/?page_id=1416\">2015-2017<\/a><\/p>\n<p><a href=\"https:\/\/asashio.baka.ee\/?page_id=1746\" data-wplink-edit=\"true\">2018-2020<\/a><\/p>\n<p>Flickr n\u00e4itab eelvaates korraga 20 pilti. K\u00f5ikide piltide n\u00e4gemiseks tuleb lihtsalt \u00fchele pildile vajutada ning seal nooltega navigeerida v\u00f5i siis minna otse meie\u00a0<a href=\"http:\/\/www.flickr.com\/photos\/113467375@N04\/sets\/\">Flickri kontole<\/a>.<\/p>\n","protected":false},"excerpt":{"rendered":"<p>Fotod Asashio korraldatud ja k\u00fclastatud \u00fcritustest: 2006-2007 2008-2009 2010-2011 2012-2014 2015-2017 2018-2020 Flickr n\u00e4itab eelvaates korraga 20 pilti. K\u00f5ikide piltide n\u00e4gemiseks tuleb lihtsalt \u00fchele pildile vajutada ning seal nooltega navigeerida v\u00f5i siis minna otse meie\u00a0Flickri kontole.<\/p>\n","protected":false},"author":1,"featured_media":0,"parent":0,"menu_order":7,"comment_status":"closed","ping_status":"closed","template":"","meta":[],"yoast_head":"<!-- This site is optimized with the Yoast SEO plugin v19.0 - https:\/\/yoast.com\/wordpress\/plugins\/seo\/ -->\n<title>Galerii - Kultuuriklubi Asashio<\/title>\n<meta name=\"robots\" content=\"index, follow, max-snippet:-1, max-image-preview:large, max-video-preview:-1\" \/>\n<link rel=\"canonical\" href=\"https:\/\/asashio.baka.ee\/?page_id=57\" \/>\n<meta property=\"og:locale\" content=\"en_US\" \/>\n<meta property=\"og:type\" content=\"article\" \/>\n<meta property=\"og:title\" content=\"Galerii - Kultuuriklubi Asashio\" \/>\n<meta property=\"og:description\" content=\"Fotod Asashio korraldatud ja k\u00fclastatud \u00fcritustest: 2006-2007 2008-2009 2010-2011 2012-2014 2015-2017 2018-2020 Flickr n\u00e4itab eelvaates korraga 20 pilti. K\u00f5ikide piltide n\u00e4gemiseks tuleb lihtsalt \u00fchele pildile vajutada ning seal nooltega navigeerida v\u00f5i siis minna otse meie\u00a0Flickri kontole.\" \/>\n<meta property=\"og:url\" content=\"https:\/\/asashio.baka.ee\/?page_id=57\" \/>\n<meta property=\"og:site_name\" content=\"Kultuuriklubi Asashio\" \/>\n<meta property=\"article:publisher\" content=\"https:\/\/www.facebook.com\/jaapanikultuuriklubiasashio\" \/>\n<meta property=\"article:modified_time\" content=\"2022-05-22T20:13:04+00:00\" \/>\n<meta name=\"twitter:card\" content=\"summary_large_image\" \/>\n<meta name=\"twitter:site\" content=\"@tartu_asashio\" \/>\n<script type=\"application\/ld+json\" class=\"yoast-schema-graph\">{\"@context\":\"https:\/\/schema.org\",\"@graph\":[{\"@type\":\"WebSite\",\"@id\":\"https:\/\/asashio.baka.ee\/#website\",\"url\":\"https:\/\/asashio.baka.ee\/\",\"name\":\"Kultuuriklubi Asashio\",\"description\":\"\",\"potentialAction\":[{\"@type\":\"SearchAction\",\"target\":{\"@type\":\"EntryPoint\",\"urlTemplate\":\"https:\/\/asashio.baka.ee\/?s={search_term_string}\"},\"query-input\":\"required name=search_term_string\"}],\"inLanguage\":\"en-US\"},{\"@type\":\"WebPage\",\"@id\":\"https:\/\/asashio.baka.ee\/?page_id=57#webpage\",\"url\":\"https:\/\/asashio.baka.ee\/?page_id=57\",\"name\":\"Galerii - Kultuuriklubi Asashio\",\"isPartOf\":{\"@id\":\"https:\/\/asashio.baka.ee\/#website\"},\"datePublished\":\"2009-06-30T20:16:41+00:00\",\"dateModified\":\"2022-05-22T20:13:04+00:00\",\"breadcrumb\":{\"@id\":\"https:\/\/asashio.baka.ee\/?page_id=57#breadcrumb\"},\"inLanguage\":\"en-US\",\"potentialAction\":[{\"@type\":\"ReadAction\",\"target\":[\"https:\/\/asashio.baka.ee\/?page_id=57\"]}]},{\"@type\":\"BreadcrumbList\",\"@id\":\"https:\/\/asashio.baka.ee\/?page_id=57#breadcrumb\",\"itemListElement\":[{\"@type\":\"ListItem\",\"position\":1,\"name\":\"Home\",\"item\":\"https:\/\/asashio.baka.ee\/\"},{\"@type\":\"ListItem\",\"position\":2,\"name\":\"Galerii\"}]}]}<\/script>\n<!-- \/ Yoast SEO plugin. -->","yoast_head_json":{"title":"Galerii - Kultuuriklubi Asashio","robots":{"index":"index","follow":"follow","max-snippet":"max-snippet:-1","max-image-preview":"max-image-preview:large","max-video-preview":"max-video-preview:-1"},"canonical":"https:\/\/asashio.baka.ee\/?page_id=57","og_locale":"en_US","og_type":"article","og_title":"Galerii - Kultuuriklubi Asashio","og_description":"Fotod Asashio korraldatud ja k\u00fclastatud \u00fcritustest: 2006-2007 2008-2009 2010-2011 2012-2014 2015-2017 2018-2020 Flickr n\u00e4itab eelvaates korraga 20 pilti. K\u00f5ikide piltide n\u00e4gemiseks tuleb lihtsalt \u00fchele pildile vajutada ning seal nooltega navigeerida v\u00f5i siis minna otse meie\u00a0Flickri kontole.","og_url":"https:\/\/asashio.baka.ee\/?page_id=57","og_site_name":"Kultuuriklubi Asashio","article_publisher":"https:\/\/www.facebook.com\/jaapanikultuuriklubiasashio","article_modified_time":"2022-05-22T20:13:04+00:00","twitter_card":"summary_large_image","twitter_site":"@tartu_asashio","schema":{"@context":"https:\/\/schema.org","@graph":[{"@type":"WebSite","@id":"https:\/\/asashio.baka.ee\/#website","url":"https:\/\/asashio.baka.ee\/","name":"Kultuuriklubi Asashio","description":"","potentialAction":[{"@type":"SearchAction","target":{"@type":"EntryPoint","urlTemplate":"https:\/\/asashio.baka.ee\/?s={search_term_string}"},"query-input":"required name=search_term_string"}],"inLanguage":"en-US"},{"@type":"WebPage","@id":"https:\/\/asashio.baka.ee\/?page_id=57#webpage","url":"https:\/\/asashio.baka.ee\/?page_id=57","name":"Galerii - Kultuuriklubi Asashio","isPartOf":{"@id":"https:\/\/asashio.baka.ee\/#website"},"datePublished":"2009-06-30T20:16:41+00:00","dateModified":"2022-05-22T20:13:04+00:00","breadcrumb":{"@id":"https:\/\/asashio.baka.ee\/?page_id=57#breadcrumb"},"inLanguage":"en-US","potentialAction":[{"@type":"ReadAction","target":["https:\/\/asashio.baka.ee\/?page_id=57"]}]},{"@type":"BreadcrumbList","@id":"https:\/\/asashio.baka.ee\/?page_id=57#breadcrumb","itemListElement":[{"@type":"ListItem","position":1,"name":"Home","item":"https:\/\/asashio.baka.ee\/"},{"@type":"ListItem","position":2,"name":"Galerii"}]}]}},"_links":{"self":[{"href":"https:\/\/asashio.baka.ee\/index.php?rest_route=\/wp\/v2\/pages\/57"}],"collection":[{"href":"https:\/\/asashio.baka.ee\/index.php?rest_route=\/wp\/v2\/pages"}],"about":[{"href":"https:\/\/asashio.baka.ee\/index.php?rest_route=\/wp\/v2\/types\/page"}],"author":[{"embeddable":true,"href":"https:\/\/asashio.baka.ee\/index.php?rest_route=\/wp\/v2\/users\/1"}],"replies":[{"embeddable":true,"href":"https:\/\/asashio.baka.ee\/index.php?rest_route=%2Fwp%2Fv2%2Fcomments&post=57"}],"version-history":[{"count":5,"href":"https:\/\/asashio.baka.ee\/index.php?rest_route=\/wp\/v2\/pages\/57\/revisions"}],"predecessor-version":[{"id":1797,"href":"https:\/\/asashio.baka.ee\/index.php?rest_route=\/wp\/v2\/pages\/57\/revisions\/1797"}],"wp:attachment":[{"href":"https:\/\/asashio.baka.ee\/index.php?rest_route=%2Fwp%2Fv2%2Fmedia&parent=57"}],"curies":[{"name":"wp","href":"https:\/\/api.w.org\/{rel}","templated":true}]}}