{"id":961,"date":"2014-01-06T00:47:44","date_gmt":"2014-01-05T22:47:44","guid":{"rendered":"http:\/\/asashio.anime.ee\/?page_id=961"},"modified":"2022-05-22T22:45:02","modified_gmt":"2022-05-22T19:45:02","slug":"2010-2011","status":"publish","type":"page","link":"https:\/\/asashio.baka.ee\/?page_id=961","title":{"rendered":"2010 &#8211; 2011"},"content":{"rendered":"<p><em>Flickr n\u00e4itab eelvaates korraga 20 pilti. K\u00f5ikide piltide n\u00e4gemiseks tuleb lihtsalt \u00fchele pildile vajutada ning seal nooltega navigeerida v\u00f5i siis minna otse meie&nbsp;<a href=\"http:\/\/www.flickr.com\/photos\/113467375@N04\/sets\/\">Flickri kontole<\/a>.<\/em><\/p>\n<p><strong>S\u00f5brap\u00e4evapidu - 12. veebruar 2010<\/strong><br \/>\n<div class=\"flickr-justified-gallery-error\"><span style=\"color:red\">Flickr API error: <\/span><span class=\"flickr-justified-gallery-error-msg\">Invalid API Key (Key has invalid format)<\/span><\/div><\/p>\n<p><strong>JAFFi infolaud - 02.-11. aprill 2010<\/strong><br \/>\n<div class=\"flickr-justified-gallery-error\"><span style=\"color:red\">Flickr API error: <\/span><span class=\"flickr-justified-gallery-error-msg\">Invalid API Key (Key has invalid format)<\/span><\/div><\/p>\n<p><strong>Riia Animefest - 01. mail 2010<\/strong><br \/>\n<div class=\"flickr-justified-gallery-error\"><span style=\"color:red\">Flickr API error: <\/span><span class=\"flickr-justified-gallery-error-msg\">Invalid API Key (Key has invalid format)<\/span><\/div><\/p>\n<p><strong>\u00dcldkoosolek - 22. mail 2010<\/strong><br \/>\n<div class=\"flickr-justified-gallery-error\"><span style=\"color:red\">Flickr API error: <\/span><span class=\"flickr-justified-gallery-error-msg\">Invalid API Key (Key has invalid format)<\/span><\/div><\/p>\n<p><strong>AniMatsuri 2010 - 25.-26. september 2010<\/strong><br \/>\n<div class=\"flickr-justified-gallery-error\"><span style=\"color:red\">Flickr API error: <\/span><span class=\"flickr-justified-gallery-error-msg\">Invalid API Key (Key has invalid format)<\/span><\/div><\/p>\n<p><strong>2011<\/strong><\/p>\n<p><strong>Orochi kontsert - 23. m\u00e4rts 2011<\/strong><br \/>\n<div class=\"flickr-justified-gallery-error\"><span style=\"color:red\">Flickr API error: <\/span><span class=\"flickr-justified-gallery-error-msg\">Invalid API Key (Key has invalid format)<\/span><\/div><\/p>\n<p><strong>Kadrioru pargis - 03. juuli 2011<\/strong><br \/>\n<div class=\"flickr-justified-gallery-error\"><span style=\"color:red\">Flickr API error: <\/span><span class=\"flickr-justified-gallery-error-msg\">Invalid API Key (Key has invalid format)<\/span><\/div><\/p>\n<p><strong>AniMatsuri 2011 - 24.-25. september 2011<\/strong><br \/>\n<div class=\"flickr-justified-gallery-error\"><span style=\"color:red\">Flickr API error: <\/span><span class=\"flickr-justified-gallery-error-msg\">Invalid API Key (Key has invalid format)<\/span><\/div><\/p>\n","protected":false},"excerpt":{"rendered":"<p>Flickr n\u00e4itab eelvaates korraga 20 pilti. K\u00f5ikide piltide n\u00e4gemiseks tuleb lihtsalt \u00fchele pildile vajutada ning seal nooltega navigeerida v\u00f5i siis minna otse meie&nbsp;Flickri kontole. S\u00f5brap\u00e4evapidu &#8211; 12. veebruar 2010 JAFFi infolaud &#8211; 02.-11. aprill 2010 Riia Animefest &#8211; 01. mail 2010 \u00dcldkoosolek &#8211; 22. mail 2010 AniMatsuri 2010 &#8211; 25.-26. september 2010 2011 Orochi kontsert [&hellip;]<\/p>\n","protected":false},"author":1,"featured_media":0,"parent":57,"menu_order":3,"comment_status":"closed","ping_status":"closed","template":"page-templates\/full-width.php","meta":[],"yoast_head":"<!-- This site is optimized with the Yoast SEO plugin v19.0 - https:\/\/yoast.com\/wordpress\/plugins\/seo\/ -->\n<title>2010 - 2011 - Kultuuriklubi Asashio<\/title>\n<meta name=\"robots\" content=\"index, follow, max-snippet:-1, max-image-preview:large, max-video-preview:-1\" \/>\n<link rel=\"canonical\" href=\"https:\/\/asashio.baka.ee\/?page_id=961\" \/>\n<meta property=\"og:locale\" content=\"en_US\" \/>\n<meta property=\"og:type\" content=\"article\" \/>\n<meta property=\"og:title\" content=\"2010 - 2011 - Kultuuriklubi Asashio\" \/>\n<meta property=\"og:description\" content=\"Flickr n\u00e4itab eelvaates korraga 20 pilti. K\u00f5ikide piltide n\u00e4gemiseks tuleb lihtsalt \u00fchele pildile vajutada ning seal nooltega navigeerida v\u00f5i siis minna otse meie&nbsp;Flickri kontole. S\u00f5brap\u00e4evapidu - 12. veebruar 2010 JAFFi infolaud - 02.-11. aprill 2010 Riia Animefest - 01. mail 2010 \u00dcldkoosolek - 22. mail 2010 AniMatsuri 2010 - 25.-26. september 2010 2011 Orochi kontsert [&hellip;]\" \/>\n<meta property=\"og:url\" content=\"https:\/\/asashio.baka.ee\/?page_id=961\" \/>\n<meta property=\"og:site_name\" content=\"Kultuuriklubi Asashio\" \/>\n<meta property=\"article:publisher\" content=\"https:\/\/www.facebook.com\/jaapanikultuuriklubiasashio\" \/>\n<meta property=\"article:modified_time\" content=\"2022-05-22T19:45:02+00:00\" \/>\n<meta name=\"twitter:card\" content=\"summary_large_image\" \/>\n<meta name=\"twitter:site\" content=\"@tartu_asashio\" \/>\n<script type=\"application\/ld+json\" class=\"yoast-schema-graph\">{\"@context\":\"https:\/\/schema.org\",\"@graph\":[{\"@type\":\"WebSite\",\"@id\":\"https:\/\/asashio.baka.ee\/#website\",\"url\":\"https:\/\/asashio.baka.ee\/\",\"name\":\"Kultuuriklubi Asashio\",\"description\":\"\",\"potentialAction\":[{\"@type\":\"SearchAction\",\"target\":{\"@type\":\"EntryPoint\",\"urlTemplate\":\"https:\/\/asashio.baka.ee\/?s={search_term_string}\"},\"query-input\":\"required name=search_term_string\"}],\"inLanguage\":\"en-US\"},{\"@type\":\"WebPage\",\"@id\":\"https:\/\/asashio.baka.ee\/?page_id=961#webpage\",\"url\":\"https:\/\/asashio.baka.ee\/?page_id=961\",\"name\":\"2010 - 2011 - Kultuuriklubi Asashio\",\"isPartOf\":{\"@id\":\"https:\/\/asashio.baka.ee\/#website\"},\"datePublished\":\"2014-01-05T22:47:44+00:00\",\"dateModified\":\"2022-05-22T19:45:02+00:00\",\"breadcrumb\":{\"@id\":\"https:\/\/asashio.baka.ee\/?page_id=961#breadcrumb\"},\"inLanguage\":\"en-US\",\"potentialAction\":[{\"@type\":\"ReadAction\",\"target\":[\"https:\/\/asashio.baka.ee\/?page_id=961\"]}]},{\"@type\":\"BreadcrumbList\",\"@id\":\"https:\/\/asashio.baka.ee\/?page_id=961#breadcrumb\",\"itemListElement\":[{\"@type\":\"ListItem\",\"position\":1,\"name\":\"Home\",\"item\":\"https:\/\/asashio.baka.ee\/\"},{\"@type\":\"ListItem\",\"position\":2,\"name\":\"Galerii\",\"item\":\"https:\/\/asashio.baka.ee\/?page_id=57\"},{\"@type\":\"ListItem\",\"position\":3,\"name\":\"2010 &#8211; 2011\"}]}]}<\/script>\n<!-- \/ Yoast SEO plugin. -->","yoast_head_json":{"title":"2010 - 2011 - Kultuuriklubi Asashio","robots":{"index":"index","follow":"follow","max-snippet":"max-snippet:-1","max-image-preview":"max-image-preview:large","max-video-preview":"max-video-preview:-1"},"canonical":"https:\/\/asashio.baka.ee\/?page_id=961","og_locale":"en_US","og_type":"article","og_title":"2010 - 2011 - Kultuuriklubi Asashio","og_description":"Flickr n\u00e4itab eelvaates korraga 20 pilti. K\u00f5ikide piltide n\u00e4gemiseks tuleb lihtsalt \u00fchele pildile vajutada ning seal nooltega navigeerida v\u00f5i siis minna otse meie&nbsp;Flickri kontole. S\u00f5brap\u00e4evapidu - 12. veebruar 2010 JAFFi infolaud - 02.-11. aprill 2010 Riia Animefest - 01. mail 2010 \u00dcldkoosolek - 22. mail 2010 AniMatsuri 2010 - 25.-26. september 2010 2011 Orochi kontsert [&hellip;]","og_url":"https:\/\/asashio.baka.ee\/?page_id=961","og_site_name":"Kultuuriklubi Asashio","article_publisher":"https:\/\/www.facebook.com\/jaapanikultuuriklubiasashio","article_modified_time":"2022-05-22T19:45:02+00:00","twitter_card":"summary_large_image","twitter_site":"@tartu_asashio","schema":{"@context":"https:\/\/schema.org","@graph":[{"@type":"WebSite","@id":"https:\/\/asashio.baka.ee\/#website","url":"https:\/\/asashio.baka.ee\/","name":"Kultuuriklubi Asashio","description":"","potentialAction":[{"@type":"SearchAction","target":{"@type":"EntryPoint","urlTemplate":"https:\/\/asashio.baka.ee\/?s={search_term_string}"},"query-input":"required name=search_term_string"}],"inLanguage":"en-US"},{"@type":"WebPage","@id":"https:\/\/asashio.baka.ee\/?page_id=961#webpage","url":"https:\/\/asashio.baka.ee\/?page_id=961","name":"2010 - 2011 - Kultuuriklubi Asashio","isPartOf":{"@id":"https:\/\/asashio.baka.ee\/#website"},"datePublished":"2014-01-05T22:47:44+00:00","dateModified":"2022-05-22T19:45:02+00:00","breadcrumb":{"@id":"https:\/\/asashio.baka.ee\/?page_id=961#breadcrumb"},"inLanguage":"en-US","potentialAction":[{"@type":"ReadAction","target":["https:\/\/asashio.baka.ee\/?page_id=961"]}]},{"@type":"BreadcrumbList","@id":"https:\/\/asashio.baka.ee\/?page_id=961#breadcrumb","itemListElement":[{"@type":"ListItem","position":1,"name":"Home","item":"https:\/\/asashio.baka.ee\/"},{"@type":"ListItem","position":2,"name":"Galerii","item":"https:\/\/asashio.baka.ee\/?page_id=57"},{"@type":"ListItem","position":3,"name":"2010 &#8211; 2011"}]}]}},"_links":{"self":[{"href":"https:\/\/asashio.baka.ee\/index.php?rest_route=\/wp\/v2\/pages\/961"}],"collection":[{"href":"https:\/\/asashio.baka.ee\/index.php?rest_route=\/wp\/v2\/pages"}],"about":[{"href":"https:\/\/asashio.baka.ee\/index.php?rest_route=\/wp\/v2\/types\/page"}],"author":[{"embeddable":true,"href":"https:\/\/asashio.baka.ee\/index.php?rest_route=\/wp\/v2\/users\/1"}],"replies":[{"embeddable":true,"href":"https:\/\/asashio.baka.ee\/index.php?rest_route=%2Fwp%2Fv2%2Fcomments&post=961"}],"version-history":[{"count":2,"href":"https:\/\/asashio.baka.ee\/index.php?rest_route=\/wp\/v2\/pages\/961\/revisions"}],"predecessor-version":[{"id":1754,"href":"https:\/\/asashio.baka.ee\/index.php?rest_route=\/wp\/v2\/pages\/961\/revisions\/1754"}],"up":[{"embeddable":true,"href":"https:\/\/asashio.baka.ee\/index.php?rest_route=\/wp\/v2\/pages\/57"}],"wp:attachment":[{"href":"https:\/\/asashio.baka.ee\/index.php?rest_route=%2Fwp%2Fv2%2Fmedia&parent=961"}],"curies":[{"name":"wp","href":"https:\/\/api.w.org\/{rel}","templated":true}]}}