{"id":968,"date":"2014-01-06T01:00:52","date_gmt":"2014-01-05T23:00:52","guid":{"rendered":"http:\/\/asashio.anime.ee\/?page_id=968"},"modified":"2022-05-22T22:45:06","modified_gmt":"2022-05-22T19:45:06","slug":"2012-2014","status":"publish","type":"page","link":"https:\/\/asashio.baka.ee\/?page_id=968","title":{"rendered":"2012 &#8211; 2014"},"content":{"rendered":"<p><em>Flickr n\u00e4itab eelvaates korraga kuni 20 pilti. K\u00f5ikide piltide n\u00e4gemiseks tuleb lihtsalt \u00fchele pildile vajutada ning seal nooltega navigeerida v\u00f5i siis minna otse meie&nbsp;<a href=\"http:\/\/www.flickr.com\/photos\/113467375@N04\/sets\/\">Flickri kontole<\/a>.<\/em><\/p>\n<p><strong>Hanamipiknik - 10. mai 2012<\/strong><br \/>\n<div class=\"flickr-justified-gallery-error\"><span style=\"color:red\">Flickr API error: <\/span><span class=\"flickr-justified-gallery-error-msg\">Invalid API Key (Key has invalid format)<\/span><\/div><\/p>\n<p><strong>Baka.ee kanuumatk - 7.-8 juuli 2012<\/strong><br \/>\n<div class=\"flickr-justified-gallery-error\"><span style=\"color:red\">Flickr API error: <\/span><span class=\"flickr-justified-gallery-error-msg\">Invalid API Key (Key has invalid format)<\/span><\/div><\/p>\n<p><strong>Lolitamoni sushikomplekti esitlemine - 11. oktoober 2012<\/strong><br \/>\n<div class=\"flickr-justified-gallery-error\"><span style=\"color:red\">Flickr API error: <\/span><span class=\"flickr-justified-gallery-error-msg\">Invalid API Key (Key has invalid format)<\/span><\/div><\/p>\n<p><strong>Baka.ee 10. juubelikokkutulek - 2. veebruar 2013<\/strong><br \/>\n<div class=\"flickr-justified-gallery-error\"><span style=\"color:red\">Flickr API error: <\/span><span class=\"flickr-justified-gallery-error-msg\">Invalid API Key (Key has invalid format)<\/span><\/div><\/p>\n<p><strong>KUMU publikup\u00e4ev - 24. m\u00e4rts 2013<\/strong><br \/>\n<div class=\"flickr-justified-gallery-error\"><span style=\"color:red\">Flickr API error: <\/span><span class=\"flickr-justified-gallery-error-msg\">Invalid API Key (Key has invalid format)<\/span><\/div><\/p>\n<p><strong>Hanamipiknik ja \u00fcldkoosolek - 11. mai 2013<\/strong><br \/>\n<div class=\"flickr-justified-gallery-error\"><span style=\"color:red\">Flickr API error: <\/span><span class=\"flickr-justified-gallery-error-msg\">Invalid API Key (Key has invalid format)<\/span><\/div><\/p>\n<p><strong>Baka.ee suvine kokkutulek - 10. august 2013<\/strong><br \/>\n<div class=\"flickr-justified-gallery-error\"><span style=\"color:red\">Flickr API error: <\/span><span class=\"flickr-justified-gallery-error-msg\">Invalid API Key (Key has invalid format)<\/span><\/div><\/p>\n<p><strong>AniMatsuri 2013 1. p\u00e4ev - 21. september 2013<\/strong><br \/>\n<div class=\"flickr-justified-gallery-error\"><span style=\"color:red\">Flickr API error: <\/span><span class=\"flickr-justified-gallery-error-msg\">Invalid API Key (Key has invalid format)<\/span><\/div><\/p>\n<p><strong>AniMatsuri 2013 2. p\u00e4ev - 22. september 2013<\/strong><br \/>\n<div class=\"flickr-justified-gallery-error\"><span style=\"color:red\">Flickr API error: <\/span><span class=\"flickr-justified-gallery-error-msg\">Invalid API Key (Key has invalid format)<\/span><\/div><\/p>\n<p><strong>Asashio j\u00f5ulupidu - 7. detsember 2013<\/strong><br \/>\n<div class=\"flickr-justified-gallery-error\"><span style=\"color:red\">Flickr API error: <\/span><span class=\"flickr-justified-gallery-error-msg\">Invalid API Key (Key has invalid format)<\/span><\/div><\/p>\n<p><strong>Intellektika - 14. - 15. veebruar 2014<\/strong><br \/>\n<div class=\"flickr-justified-gallery-error\"><span style=\"color:red\">Flickr API error: <\/span><span class=\"flickr-justified-gallery-error-msg\">Invalid API Key (Key has invalid format)<\/span><\/div><\/p>\n<p><strong>Sushi\u00f5htu - 26.&nbsp;veebruar 2014<\/strong><br \/>\n<div class=\"flickr-justified-gallery-error\"><span style=\"color:red\">Flickr API error: <\/span><span class=\"flickr-justified-gallery-error-msg\">Invalid API Key (Key has invalid format)<\/span><\/div><\/p>\n<p><strong>M\u00e4ngude p\u00e4ev - 15. m\u00e4rts<\/strong><br \/>\n<div class=\"flickr-justified-gallery-error\"><span style=\"color:red\">Flickr API error: <\/span><span class=\"flickr-justified-gallery-error-msg\">Invalid API Key (Key has invalid format)<\/span><\/div><\/p>\n<p><strong>Hanamipiknik - 25. aprill 2014<\/strong><br \/>\n<div class=\"flickr-justified-gallery-error\"><span style=\"color:red\">Flickr API error: <\/span><span class=\"flickr-justified-gallery-error-msg\">Invalid API Key (Key has invalid format)<\/span><\/div><\/p>\n<p><strong>Lastekaitsep\u00e4ev Tallinna Loomaaias - 1. juuni 2014<\/strong><br \/>\n<div class=\"flickr-justified-gallery-error\"><span style=\"color:red\">Flickr API error: <\/span><span class=\"flickr-justified-gallery-error-msg\">Invalid API Key (Key has invalid format)<\/span><\/div><\/p>\n<p><strong>Wow run - 8. juuni 2014<\/strong><br \/>\n<div class=\"flickr-justified-gallery-error\"><span style=\"color:red\">Flickr API error: <\/span><span class=\"flickr-justified-gallery-error-msg\">Invalid API Key (Key has invalid format)<\/span><\/div><\/p>\n<p><strong>AniMatsuri 2014 maskiball - 19. september 2014<\/strong><br \/>\n<div class=\"flickr-justified-gallery-error\"><span style=\"color:red\">Flickr API error: <\/span><span class=\"flickr-justified-gallery-error-msg\">Invalid API Key (Key has invalid format)<\/span><\/div><\/p>\n<p><strong>AniMatsuri 2014 maskiballi fotonurk - 19. september 2014<\/strong><br \/>\n<div class=\"flickr-justified-gallery-error\"><span style=\"color:red\">Flickr API error: <\/span><span class=\"flickr-justified-gallery-error-msg\">Invalid API Key (Key has invalid format)<\/span><\/div><\/p>\n<p><strong>AniMatsuri 2014 1. p\u00e4ev - 20. september 2014<\/strong><br \/>\n<div class=\"flickr-justified-gallery-error\"><span style=\"color:red\">Flickr API error: <\/span><span class=\"flickr-justified-gallery-error-msg\">Invalid API Key (Key has invalid format)<\/span><\/div><\/p>\n<p><strong>AniMatsuri 2014 2. p\u00e4ev - 21. september 2014<\/strong><br \/>\n<div class=\"flickr-justified-gallery-error\"><span style=\"color:red\">Flickr API error: <\/span><span class=\"flickr-justified-gallery-error-msg\">Invalid API Key (Key has invalid format)<\/span><\/div><\/p>\n<p><strong>AniMatsuri 2014 fotonurk - 20.-21. september 2014<\/strong><br \/>\n<div class=\"flickr-justified-gallery-error\"><span style=\"color:red\">Flickr API error: <\/span><span class=\"flickr-justified-gallery-error-msg\">Invalid API Key (Key has invalid format)<\/span><\/div><\/p>\n<p><strong>Tutvumispidu Tartus - 5. oktoober 2014<\/strong><br \/>\n<div class=\"flickr-justified-gallery-error\"><span style=\"color:red\">Flickr API error: <\/span><span class=\"flickr-justified-gallery-error-msg\">Invalid API Key (Key has invalid format)<\/span><\/div><\/p>\n<p><strong>Jaapani p\u00e4ev P\u00d6FFil - 23. november 2014<\/strong><br \/>\n<div class=\"flickr-justified-gallery-error\"><span style=\"color:red\">Flickr API error: <\/span><span class=\"flickr-justified-gallery-error-msg\">Invalid API Key (Key has invalid format)<\/span><\/div><\/p>\n","protected":false},"excerpt":{"rendered":"<p>Flickr n\u00e4itab eelvaates korraga kuni 20 pilti. K\u00f5ikide piltide n\u00e4gemiseks tuleb lihtsalt \u00fchele pildile vajutada ning seal nooltega navigeerida v\u00f5i siis minna otse meie&nbsp;Flickri kontole. Hanamipiknik &#8211; 10. mai 2012 Baka.ee kanuumatk &#8211; 7.-8 juuli 2012 Lolitamoni sushikomplekti esitlemine &#8211; 11. oktoober 2012 Baka.ee 10. juubelikokkutulek &#8211; 2. veebruar 2013 KUMU publikup\u00e4ev &#8211; 24. m\u00e4rts [&hellip;]<\/p>\n","protected":false},"author":1,"featured_media":0,"parent":57,"menu_order":4,"comment_status":"closed","ping_status":"closed","template":"page-templates\/full-width.php","meta":[],"yoast_head":"<!-- This site is optimized with the Yoast SEO plugin v19.0 - https:\/\/yoast.com\/wordpress\/plugins\/seo\/ -->\n<title>2012 - 2014 - Kultuuriklubi Asashio<\/title>\n<meta name=\"robots\" content=\"index, follow, max-snippet:-1, max-image-preview:large, max-video-preview:-1\" \/>\n<link rel=\"canonical\" href=\"https:\/\/asashio.baka.ee\/?page_id=968\" \/>\n<meta property=\"og:locale\" content=\"en_US\" \/>\n<meta property=\"og:type\" content=\"article\" \/>\n<meta property=\"og:title\" content=\"2012 - 2014 - Kultuuriklubi Asashio\" \/>\n<meta property=\"og:description\" content=\"Flickr n\u00e4itab eelvaates korraga kuni 20 pilti. K\u00f5ikide piltide n\u00e4gemiseks tuleb lihtsalt \u00fchele pildile vajutada ning seal nooltega navigeerida v\u00f5i siis minna otse meie&nbsp;Flickri kontole. Hanamipiknik - 10. mai 2012 Baka.ee kanuumatk - 7.-8 juuli 2012 Lolitamoni sushikomplekti esitlemine - 11. oktoober 2012 Baka.ee 10. juubelikokkutulek - 2. veebruar 2013 KUMU publikup\u00e4ev - 24. m\u00e4rts [&hellip;]\" \/>\n<meta property=\"og:url\" content=\"https:\/\/asashio.baka.ee\/?page_id=968\" \/>\n<meta property=\"og:site_name\" content=\"Kultuuriklubi Asashio\" \/>\n<meta property=\"article:publisher\" content=\"https:\/\/www.facebook.com\/jaapanikultuuriklubiasashio\" \/>\n<meta property=\"article:modified_time\" content=\"2022-05-22T19:45:06+00:00\" \/>\n<meta name=\"twitter:card\" content=\"summary_large_image\" \/>\n<meta name=\"twitter:site\" content=\"@tartu_asashio\" \/>\n<meta name=\"twitter:label1\" content=\"Est. reading time\" \/>\n\t<meta name=\"twitter:data1\" content=\"1 minute\" \/>\n<script type=\"application\/ld+json\" class=\"yoast-schema-graph\">{\"@context\":\"https:\/\/schema.org\",\"@graph\":[{\"@type\":\"WebSite\",\"@id\":\"https:\/\/asashio.baka.ee\/#website\",\"url\":\"https:\/\/asashio.baka.ee\/\",\"name\":\"Kultuuriklubi Asashio\",\"description\":\"\",\"potentialAction\":[{\"@type\":\"SearchAction\",\"target\":{\"@type\":\"EntryPoint\",\"urlTemplate\":\"https:\/\/asashio.baka.ee\/?s={search_term_string}\"},\"query-input\":\"required name=search_term_string\"}],\"inLanguage\":\"en-US\"},{\"@type\":\"WebPage\",\"@id\":\"https:\/\/asashio.baka.ee\/?page_id=968#webpage\",\"url\":\"https:\/\/asashio.baka.ee\/?page_id=968\",\"name\":\"2012 - 2014 - Kultuuriklubi Asashio\",\"isPartOf\":{\"@id\":\"https:\/\/asashio.baka.ee\/#website\"},\"datePublished\":\"2014-01-05T23:00:52+00:00\",\"dateModified\":\"2022-05-22T19:45:06+00:00\",\"breadcrumb\":{\"@id\":\"https:\/\/asashio.baka.ee\/?page_id=968#breadcrumb\"},\"inLanguage\":\"en-US\",\"potentialAction\":[{\"@type\":\"ReadAction\",\"target\":[\"https:\/\/asashio.baka.ee\/?page_id=968\"]}]},{\"@type\":\"BreadcrumbList\",\"@id\":\"https:\/\/asashio.baka.ee\/?page_id=968#breadcrumb\",\"itemListElement\":[{\"@type\":\"ListItem\",\"position\":1,\"name\":\"Home\",\"item\":\"https:\/\/asashio.baka.ee\/\"},{\"@type\":\"ListItem\",\"position\":2,\"name\":\"Galerii\",\"item\":\"https:\/\/asashio.baka.ee\/?page_id=57\"},{\"@type\":\"ListItem\",\"position\":3,\"name\":\"2012 &#8211; 2014\"}]}]}<\/script>\n<!-- \/ Yoast SEO plugin. -->","yoast_head_json":{"title":"2012 - 2014 - Kultuuriklubi Asashio","robots":{"index":"index","follow":"follow","max-snippet":"max-snippet:-1","max-image-preview":"max-image-preview:large","max-video-preview":"max-video-preview:-1"},"canonical":"https:\/\/asashio.baka.ee\/?page_id=968","og_locale":"en_US","og_type":"article","og_title":"2012 - 2014 - Kultuuriklubi Asashio","og_description":"Flickr n\u00e4itab eelvaates korraga kuni 20 pilti. K\u00f5ikide piltide n\u00e4gemiseks tuleb lihtsalt \u00fchele pildile vajutada ning seal nooltega navigeerida v\u00f5i siis minna otse meie&nbsp;Flickri kontole. Hanamipiknik - 10. mai 2012 Baka.ee kanuumatk - 7.-8 juuli 2012 Lolitamoni sushikomplekti esitlemine - 11. oktoober 2012 Baka.ee 10. juubelikokkutulek - 2. veebruar 2013 KUMU publikup\u00e4ev - 24. m\u00e4rts [&hellip;]","og_url":"https:\/\/asashio.baka.ee\/?page_id=968","og_site_name":"Kultuuriklubi Asashio","article_publisher":"https:\/\/www.facebook.com\/jaapanikultuuriklubiasashio","article_modified_time":"2022-05-22T19:45:06+00:00","twitter_card":"summary_large_image","twitter_site":"@tartu_asashio","twitter_misc":{"Est. reading time":"1 minute"},"schema":{"@context":"https:\/\/schema.org","@graph":[{"@type":"WebSite","@id":"https:\/\/asashio.baka.ee\/#website","url":"https:\/\/asashio.baka.ee\/","name":"Kultuuriklubi Asashio","description":"","potentialAction":[{"@type":"SearchAction","target":{"@type":"EntryPoint","urlTemplate":"https:\/\/asashio.baka.ee\/?s={search_term_string}"},"query-input":"required name=search_term_string"}],"inLanguage":"en-US"},{"@type":"WebPage","@id":"https:\/\/asashio.baka.ee\/?page_id=968#webpage","url":"https:\/\/asashio.baka.ee\/?page_id=968","name":"2012 - 2014 - Kultuuriklubi Asashio","isPartOf":{"@id":"https:\/\/asashio.baka.ee\/#website"},"datePublished":"2014-01-05T23:00:52+00:00","dateModified":"2022-05-22T19:45:06+00:00","breadcrumb":{"@id":"https:\/\/asashio.baka.ee\/?page_id=968#breadcrumb"},"inLanguage":"en-US","potentialAction":[{"@type":"ReadAction","target":["https:\/\/asashio.baka.ee\/?page_id=968"]}]},{"@type":"BreadcrumbList","@id":"https:\/\/asashio.baka.ee\/?page_id=968#breadcrumb","itemListElement":[{"@type":"ListItem","position":1,"name":"Home","item":"https:\/\/asashio.baka.ee\/"},{"@type":"ListItem","position":2,"name":"Galerii","item":"https:\/\/asashio.baka.ee\/?page_id=57"},{"@type":"ListItem","position":3,"name":"2012 &#8211; 2014"}]}]}},"_links":{"self":[{"href":"https:\/\/asashio.baka.ee\/index.php?rest_route=\/wp\/v2\/pages\/968"}],"collection":[{"href":"https:\/\/asashio.baka.ee\/index.php?rest_route=\/wp\/v2\/pages"}],"about":[{"href":"https:\/\/asashio.baka.ee\/index.php?rest_route=\/wp\/v2\/types\/page"}],"author":[{"embeddable":true,"href":"https:\/\/asashio.baka.ee\/index.php?rest_route=\/wp\/v2\/users\/1"}],"replies":[{"embeddable":true,"href":"https:\/\/asashio.baka.ee\/index.php?rest_route=%2Fwp%2Fv2%2Fcomments&post=968"}],"version-history":[{"count":1,"href":"https:\/\/asashio.baka.ee\/index.php?rest_route=\/wp\/v2\/pages\/968\/revisions"}],"predecessor-version":[{"id":1755,"href":"https:\/\/asashio.baka.ee\/index.php?rest_route=\/wp\/v2\/pages\/968\/revisions\/1755"}],"up":[{"embeddable":true,"href":"https:\/\/asashio.baka.ee\/index.php?rest_route=\/wp\/v2\/pages\/57"}],"wp:attachment":[{"href":"https:\/\/asashio.baka.ee\/index.php?rest_route=%2Fwp%2Fv2%2Fmedia&parent=968"}],"curies":[{"name":"wp","href":"https:\/\/api.w.org\/{rel}","templated":true}]}}